{"id":9,"date":"2021-04-23T19:38:00","date_gmt":"2021-04-23T19:38:00","guid":{"rendered":"https:\/\/ufo.se\/pollenkungen\/?page_id=9"},"modified":"2023-12-25T16:28:20","modified_gmt":"2023-12-25T16:28:20","slug":"gosta-carlsson-1918-2003","status":"publish","type":"page","link":"https:\/\/ufo.se\/pollenkungen\/gosta-carlsson-1918-2003\/","title":{"rendered":"G\u00f6sta Carlsson 1918\u20132003"},"content":{"rendered":"\n<figure class=\"wp-block-image size-large\"><img loading=\"lazy\" decoding=\"async\" width=\"800\" height=\"575\" src=\"https:\/\/ufo.se\/pollenkungen\/wp-content\/uploads\/2021\/04\/GComslagsbilden.jpg\" alt=\"\" class=\"wp-image-16\" srcset=\"https:\/\/ufo.se\/pollenkungen\/wp-content\/uploads\/2021\/04\/GComslagsbilden.jpg 800w, https:\/\/ufo.se\/pollenkungen\/wp-content\/uploads\/2021\/04\/GComslagsbilden-300x216.jpg 300w, https:\/\/ufo.se\/pollenkungen\/wp-content\/uploads\/2021\/04\/GComslagsbilden-768x552.jpg 768w\" sizes=\"auto, (max-width: 800px) 100vw, 800px\" \/><figcaption class=\"wp-element-caption\">G\u00f6sta Carlsson vid monumentet 1994.<\/figcaption><\/figure>\n\n\n\n<h3 class=\"wp-block-heading\"><\/h3>\n\n\n\n<p><strong>F\u00f6rsta g\u00e5ngen jag tr\u00e4ffade G\u00f6sta Carlsson var den 6 augusti 1987. D\u00e5 hade jag skrivit och ringt, tjatat och f\u00f6rklarat varf\u00f6r jag ville tr\u00e4ffa honom i \u00e5tskilliga m\u00e5nader. G\u00f6sta Carlsson var en ikon bland svenska ufointresserade. Hans m\u00f6te med en landad farkost i en gl\u00e4nta utanf\u00f6r \u00c4ngelholm den 18 maj 1946 var legendarisk. Den n\u00e4mndes i de flesta ufob\u00f6cker och alla k\u00e4nde till hans ber\u00e4ttelse. Men ingen hade tidigare gett sig tid att f\u00f6rs\u00f6ka unders\u00f6ka omst\u00e4ndigheterna kring h\u00e4ndelsen.<\/strong><\/p>\n\n\n\n<p><strong>Av Clas Svahn<\/strong><\/p>\n\n\n\n<p>N\u00e4r vi tr\u00e4ffades i hans villa i \u00c4ngelholms s\u00f6dra utkant m\u00f6ttes jag av en storvuxen man med ett fast handslag. En som var van att bli \u00e5tlydd och lyssnad p\u00e5 och som kanske inte alltid gav de svar p\u00e5 mina fr\u00e5gor som jag ville ha. Detta v\u00e5rt f\u00f6rsta m\u00f6te skulle bli inledningen p\u00e5 n\u00e5got som tiden v\u00e4xte till en v\u00e4nskap och \u00f6msesidig respekt mellan oss. Och 1995 resulterade den i en gemensam bok med titeln \u201dM\u00f6tet i gl\u00e4ntan\u201d.<\/p>\n\n\n\n<p><strong>G\u00f6sta Carlsson f\u00f6ddes 1918 <\/strong>i den lilla byn Sk\u00f6rpinge strax utanf\u00f6r \u00c4ngelholm p\u00e5 Karl XII:s d\u00f6dsdag den 30 november. Han blev nummer tre i en syskonskara best\u00e5ende av tv\u00e5 \u00e4ldre systrar, Dagmar och Elsa och den yngre brodern Eric. Pappa Carl Johan var skohandlare men ocks\u00e5 en skicklig skomakare som kunde konsten att handtillverka de allra mest \u00e4ndam\u00e5lsenliga st\u00f6vlar. Men han var ocks\u00e5 en framg\u00e5ngsrik biodlare, om \u00e4n i liten skala, en nog s\u00e5 viktig detalj f\u00f6r att p\u00e5 den tiden klara uppeh\u00e4llet f\u00f6r en familj. F\u00f6r G\u00f6sta blev biodling snabbt en passion och redan som sex\u00e5ring, 1924, fick han sin f\u00f6rsta kupa av pappa. En strandsatt bisv\u00e4rm som l\u00e4mnat en av pappans kupor blev G\u00f6stas f\u00f6rsta egna projekt. Men redan andra dagen kom G\u00f6sta f\u00f6r n\u00e4ra kupan och blev stucken i tummen. Ett nytt f\u00f6rs\u00f6k en vecka senare gav samma nesliga resultat. Efter en hel del tr\u00f6st och lite \u00f6vertalning best\u00e4mde sig G\u00f6sta f\u00f6r att ge bina en chans till. \u201dH\u00e5ll ut, du blir snart immun\u201d, l\u00f6d pappans r\u00e5d.<\/p>\n\n\n\n<p><strong>Villan p\u00e5 H\u00e4lsingborgsv\u00e4gen<\/strong> blev en samlingspunkt f\u00f6r traktens ungdomar som g\u00e4rna kom dit och spelade kort eller gjorde upp planer f\u00f6r kommande fotbollsmatcher. Det blev ofta tal om idrott och Carl Johan Carlsson uppmuntrade alltid ungdomarna.<\/p>\n\n\n\n<p>Men det var h\u00e5rda tider med fattigdom och n\u00f6d i b\u00f6rjan av 1930-talet. P\u00e5 v\u00e4garna kring \u00c4ngelholm drev arbetsl\u00f6sa omkring f\u00f6r att tigga till sig en bit mat av b\u00f6nderna. D\u00e5 och d\u00e5 stannade n\u00e5gra till f\u00f6r en kopp kaffe hos familjen Carlsson som ocks\u00e5 hade det knapert \u00e4ven om man alltid hade mat p\u00e5 bordet. F\u00f6r Carl Johan och Emma var barnens framtid viktigast och trots att pengarna inte alltid r\u00e4ckte till gavs alla fyra syskonen m\u00f6jlighet att g\u00e5 i skolan. G\u00f6stas \u00e4ldre syster klarade b\u00e5de att ta studenten och genomg\u00e5 handelsh\u00f6gskola, brodern Eric tog ingenj\u00f6rsexamen i G\u00f6teborg och yngsta systern utbildade sig till kass\u00f6rska och blev sedermera en skicklig amat\u00f6rfotograf verksam inom \u00c4ngelholms fotoklubb. Alla fyra avlade sin realexamen vid \u00c4ngelholms samrealskola.<\/p>\n\n\n\n<figure class=\"wp-block-image size-large\"><img loading=\"lazy\" decoding=\"async\" width=\"800\" height=\"511\" src=\"https:\/\/ufo.se\/pollenkungen\/wp-content\/uploads\/2021\/04\/GCibasker1953-1.jpg\" alt=\"\" class=\"wp-image-32\" srcset=\"https:\/\/ufo.se\/pollenkungen\/wp-content\/uploads\/2021\/04\/GCibasker1953-1.jpg 800w, https:\/\/ufo.se\/pollenkungen\/wp-content\/uploads\/2021\/04\/GCibasker1953-1-300x192.jpg 300w, https:\/\/ufo.se\/pollenkungen\/wp-content\/uploads\/2021\/04\/GCibasker1953-1-768x491.jpg 768w\" sizes=\"auto, (max-width: 800px) 100vw, 800px\" \/><figcaption class=\"wp-element-caption\">G\u00f6sta Carlsson 1953.<\/figcaption><\/figure>\n\n\n\n<p><strong>G\u00f6sta sj\u00e4lv blev aldrig n\u00e5got<\/strong> skolljus. L\u00e4xorna var en pl\u00e5ga och betygen medelm\u00e5ttiga. Ist\u00e4llet \u00e4gnade sig den unge G\u00f6sta Carlsson \u00e5t f\u00e5gelstudier och idrott, tv\u00e5 intressen som kom att ligga honom mycket varmt om hj\u00e4rtat hela livet. Trots allt klarade han realexamen om \u00e4n med skrala betyg \u2013 tolv B (godk\u00e4nd) av sjutton \u00e4mnen och C i matematik talade sitt spr\u00e5k. Det var v\u00e5ren 1934. Framtiden verkade inte s\u00e4rskilt hoppfull. Sitt f\u00f6rsta jobb fick han i Kattarps lanthandel dit han cyklade varje dag. Och det var p\u00e5 v\u00e4gen dit som han passerade dammen i R\u00f6gle och stor\u00f6gd s\u00e5g bandyklubben tr\u00e4na eller spela match. G\u00f6sta stannade g\u00e4rna till och tittade. Han lockades av det snabba spelet men lika mycket av kamratskapet och lagandan. Efter milit\u00e4rtj\u00e4nstg\u00f6ring som bef\u00e4lselev vid Kungliga Hallands regemente, I16, var han n\u00e4ra att v\u00e4lja den milit\u00e4ra banan. <\/p>\n\n\n\n<p>\u00c5ren vid infanteriet mellan 1939 och 1941 gav blodad tand, s\u00e4rskilt som sl\u00e4kten hade en l\u00e5ng milit\u00e4r tradition. G\u00f6sta trivdes bra med livet i uniform och fick ocks\u00e5 m\u00f6jligheten att \u00e4gna sig \u00e5t s\u00e5v\u00e4l boxning som tyngdlyftning. Men han \u00e4ndrade sig f\u00f6r att ist\u00e4llet b\u00f6rja vid Statens j\u00e4rnv\u00e4gar i \u00c4ngelholm d\u00e4r han med tiden avancerade till t\u00e5gklarerare. En tj\u00e4nst som han trivdes med och hade i tio \u00e5r. Midsommaren 1945 gifte sig G\u00f6sta och Ester i H\u00f6ja kyrka och tv\u00e5 \u00e5r senare f\u00f6ddes dottern Yvonne.<\/p>\n\n\n\n<p><strong>P\u00e5 fritiden vandrade han<\/strong> ofta i skogarna kring Sk\u00e4lderviken. F\u00e5gellivet intresserade honom liksom alla v\u00e4xter. Det var h\u00e4r den unge SJ-anst\u00e4llde k\u00e4nde sig hemma. H\u00e4r ville han vara. Naturen med alla dess dolda m\u00f6jligheter lockade och fascinerade.<\/p>\n\n\n\n<p>Men allt skulle komma att f\u00f6r\u00e4ndras. Efter ett n\u00e4rmast osannolikt m\u00f6te i en gl\u00e4nta i skogen 1946 gjorde G\u00f6sta Carlsson allvar av sin hobby. Borta var planerna p\u00e5 en karri\u00e4r inom SJ. Ist\u00e4llet f\u00f6ddes helt nya tankar och framtidsplaner. I slutet av 40-talet tog han tj\u00e4nstledigt fr\u00e5n SJ och b\u00f6rjade \u00e4gna sig \u00e5t pollen p\u00e5 heltid. Under 1950-talet byggde G\u00f6sta Carlsson sedan upp det som i dag \u00e4r en storindustri. H\u00e4r tog han tillsammans med sina medhj\u00e4lpare fram naturl\u00e4kemedel baserade p\u00e5 pollen. Medlen anv\u00e4nds mot diarr\u00e9er, h\u00f6snuva, infektioner och som f\u00f6rebyggande skydd mot infektioner. Svenska medicinalstyrelsen har dock alltid st\u00e4llt sig skeptisk till pollenpreparaten vilket inte hindrat dem fr\u00e5n att bli f\u00f6rs\u00e4ljningssucc\u00e9er.<\/p>\n\n\n\n<figure class=\"wp-block-image size-large\"><img loading=\"lazy\" decoding=\"async\" width=\"800\" height=\"661\" src=\"https:\/\/ufo.se\/pollenkungen\/wp-content\/uploads\/2021\/04\/GCihockeyutrustning.jpg\" alt=\"\" class=\"wp-image-34\" srcset=\"https:\/\/ufo.se\/pollenkungen\/wp-content\/uploads\/2021\/04\/GCihockeyutrustning.jpg 800w, https:\/\/ufo.se\/pollenkungen\/wp-content\/uploads\/2021\/04\/GCihockeyutrustning-300x248.jpg 300w, https:\/\/ufo.se\/pollenkungen\/wp-content\/uploads\/2021\/04\/GCihockeyutrustning-768x635.jpg 768w\" sizes=\"auto, (max-width: 800px) 100vw, 800px\" \/><figcaption class=\"wp-element-caption\">G\u00f6sta Carlsson i R\u00f6gles dr\u00e4kt p\u00e5 1960-talet. Bilden \u00e4r tagen av Stenbergs bilder.<\/figcaption><\/figure>\n\n\n\n<p><strong>F\u00f6r en bred allm\u00e4nhet blev<\/strong> G\u00f6sta Carlsson kanske mest k\u00e4nd som mannen bakom ishockeylaget R\u00f6gle BK:s f\u00f6rsta storhetstid i mitten av 60-talet. 1963 byggde han \u00c4ngelholms f\u00f6rsta inomhushall till en kostnad av 1,2 miljoner kronor och bara tv\u00e5 \u00e5r senare, i maj 1965, hade R\u00f6gle vunnit division III i f\u00f6rkrossande stil (18 vunna matcher, inga oavgjorda och inga f\u00f6rluster och 224\u201332 i m\u00e5lskillnad!). Men G\u00f6sta Carlsson ville n\u00e5 toppen och b\u00f6rjade se sig om efter f\u00f6rst\u00e4rkningar. Och han n\u00f6jde sig inte med vilka spelare som helst. V\u00e5ren 1965 blev v\u00e4rvningen av Rangers-proffset Ulf Sterner, framf\u00f6r n\u00e4san p\u00e5 V\u00e4stra Fr\u00f6lunda, forts\u00e4ttningen p\u00e5 en s\u00e4llan sk\u00e5dad v\u00e4rvningskampanj som inleddes redan 1964 d\u00e5 kanadensaren Des Moroney k\u00f6ptes in som spelande tr\u00e4nare. Efter detta blev G\u00f6sta snabbt hj\u00e4lte p\u00e5 hemmaplan samtidigt som han skaffade sig gott om ov\u00e4nner i \u00f6vriga hockey-Sverige. Att k\u00f6pa ihop ett lag gick inte f\u00f6r sig och \u201dPollenkungens\u201d \u00f6ppna pl\u00e5nbok trissade dessutom upp priserna p\u00e5 de inhemska spelarna, klagade de allsvenska tr\u00e4narna. <\/p>\n\n\n\n<p>Carlsson sj\u00e4lv \u00e4gnade sig knappast \u00e5t n\u00e5gra excesser vid sidan av hockeyn och segrarna firades med kaffe och t\u00e5rta till spelarna medan fruarna fick en kartong med choklad. Och han tog v\u00e4l hand om s\u00e5v\u00e4l spelare som anst\u00e4llda. I Utv\u00e4linge byggde Cernelle 15 villor till sin personal och intill isstadion bost\u00e4der \u00e5t spelare och tr\u00e4nare. Under n\u00e5gra \u00e5r blev R\u00f6gle BK rubriks\u00e4ttarnas favoritlag. Carlsson sj\u00e4lv var inte sen att sticka ut hakan f\u00f6r att utmana. Ben\u00e4mningar som \u201dpollenlaget\u201d och \u201dpollengrabbarna\u201d var vanligt f\u00f6rekommande och Ulf Sterner sj\u00e4lv kom att kallas f\u00f6r \u201dpollenpyret\u201d. R\u00f6gle BK blev fin reklam f\u00f6r Carlssons produkter, n\u00e5got som ocks\u00e5 retade m\u00e5nga. Kritiken hindrade dock inte R\u00f6gle BK att marschera upp fr\u00e5n division III till allsvenskan inom tv\u00e5 \u00e5r. I februari 1967 blev laget b\u00e4sta nykomling genom tiderna d\u00e5 man slog V\u00e4ster\u00e5s IK med 6\u20133 i seriens sista match.<\/p>\n\n\n\n<p><strong>F\u00f6r stationskarlen G\u00f6sta Carlsson<\/strong> hade livet pl\u00f6tsligt tagit en ny v\u00e4ndning. Framg\u00e5ngsrik och v\u00e4lb\u00e4rgad fick han finna sig i att beskrivas som \u201dpollenmiljon\u00e4ren\u201d i artiklar och reportage. I \u00c4ngelholm blev han en offentlig person och en av bygdens st\u00f6rsta s\u00f6ner. Allt han tog sig f\u00f6r hade en smak av framtid.<\/p>\n\n\n\n<p>Men bilden av den egensinnige Pollen-Carlsson med hatten skulle komma att kompliceras. Vad ingen visste var att han var p\u00e5 v\u00e4g att sl\u00e4ppa en bomb. Han skulle komma att avsl\u00f6ja en hemlighet som fick m\u00e5nga att tvivla p\u00e5 hur det egentligen stod till med honom. Efter den sista oktober 1971 blev inget sig likt f\u00f6r skomakarens pojke. Det var d\u00e5 han gick ut med sin ber\u00e4ttelse om ett m\u00e4rkligt m\u00f6te i skogen med n\u00e5got som han sj\u00e4lv alltid var \u00f6vertygad om var bes\u00f6kare fr\u00e5n en annan planet.<\/p>\n\n\n\n<p><strong>I dag \u00e4r han borta, denne<\/strong> ovanlige man med sin ovanliga historia. Den 24 september 2003 drabbades han av stroke i sin l\u00e4genhet p\u00e5 pension\u00e4rsboendet i Str\u00f6velstorp och f\u00f6rdes till \u00c4ngelholms lasarett d\u00e4r han avled den 4 oktober. Kvar kommer minnet av en \u00f6vertygad och viljestark m\u00e4nniska att finnas, en person som ans\u00e5g sig ha st\u00e5tt i kontakt med varelser fr\u00e5n andra v\u00e4rldar och som reste ett monument p\u00e5 platsen.<\/p>\n","protected":false},"excerpt":{"rendered":"<p>F\u00f6rsta g\u00e5ngen jag tr\u00e4ffade G\u00f6sta Carlsson var den 6 augusti 1987. D\u00e5 hade jag skrivit och ringt, tjatat och f\u00f6rklarat varf\u00f6r jag ville tr\u00e4ffa honom i \u00e5tskilliga m\u00e5nader. G\u00f6sta Carlsson var en ikon bland svenska ufointresserade. Hans m\u00f6te med en landad farkost i en gl\u00e4nta utanf\u00f6r \u00c4ngelholm den 18 maj 1946 var legendarisk. Den n\u00e4mndes [&hellip;]<\/p>\n","protected":false},"author":1,"featured_media":0,"parent":0,"menu_order":0,"comment_status":"closed","ping_status":"closed","template":"","meta":{"footnotes":""},"class_list":["post-9","page","type-page","status-publish","hentry"],"_links":{"self":[{"href":"https:\/\/ufo.se\/pollenkungen\/wp-json\/wp\/v2\/pages\/9","targetHints":{"allow":["GET"]}}],"collection":[{"href":"https:\/\/ufo.se\/pollenkungen\/wp-json\/wp\/v2\/pages"}],"about":[{"href":"https:\/\/ufo.se\/pollenkungen\/wp-json\/wp\/v2\/types\/page"}],"author":[{"embeddable":true,"href":"https:\/\/ufo.se\/pollenkungen\/wp-json\/wp\/v2\/users\/1"}],"replies":[{"embeddable":true,"href":"https:\/\/ufo.se\/pollenkungen\/wp-json\/wp\/v2\/comments?post=9"}],"version-history":[{"count":10,"href":"https:\/\/ufo.se\/pollenkungen\/wp-json\/wp\/v2\/pages\/9\/revisions"}],"predecessor-version":[{"id":63,"href":"https:\/\/ufo.se\/pollenkungen\/wp-json\/wp\/v2\/pages\/9\/revisions\/63"}],"wp:attachment":[{"href":"https:\/\/ufo.se\/pollenkungen\/wp-json\/wp\/v2\/media?parent=9"}],"curies":[{"name":"wp","href":"https:\/\/api.w.org\/{rel}","templated":true}]}}